{"id":3506,"date":"2021-09-17T11:18:25","date_gmt":"2021-09-17T09:18:25","guid":{"rendered":"https:\/\/www.fundus7-mietmoebel.de\/?page_id=3506"},"modified":"2026-02-26T14:48:28","modified_gmt":"2026-02-26T13:48:28","slug":"portfolio","status":"publish","type":"page","link":"https:\/\/www.fundus7-mietmoebel.de\/en\/portfolio\/","title":{"rendered":"Portfolio"},"content":{"rendered":"<div id=\"pl-3506\"  class=\"panel-layout\" ><div id=\"pg-3506-0\"  class=\"panel-grid panel-has-style\" ><div class=\"row-textbox rtb-left siteorigin-panels-stretch panel-row-style panel-row-style-for-3506-0\" data-stretch-type=\"full-width-stretch\" ><div id=\"pgc-3506-0-0\"  class=\"panel-grid-cell panel-grid-cell-mobile-last\" ><div id=\"panel-3506-0-0-0\" class=\"so-panel widget widget_sow-image panel-first-child panel-last-child\" data-index=\"0\" ><div\n\t\t\t\n\t\t\tclass=\"so-widget-sow-image so-widget-sow-image-default-c67d20f9f743-3506\"\n\t\t\t\n\t\t>\n<div class=\"sow-image-container\">\n\t\t<img \n\tsrc=\"https:\/\/www.fundus7-mietmoebel.de\/wp-content\/uploads\/fundus7-portfolio-intro.jpg\" width=\"1920\" height=\"1280\" srcset=\"https:\/\/www.fundus7-mietmoebel.de\/wp-content\/uploads\/fundus7-portfolio-intro.jpg 1920w, https:\/\/www.fundus7-mietmoebel.de\/wp-content\/uploads\/fundus7-portfolio-intro-300x200.jpg 300w, https:\/\/www.fundus7-mietmoebel.de\/wp-content\/uploads\/fundus7-portfolio-intro-1024x683.jpg 1024w, https:\/\/www.fundus7-mietmoebel.de\/wp-content\/uploads\/fundus7-portfolio-intro-150x100.jpg 150w, https:\/\/www.fundus7-mietmoebel.de\/wp-content\/uploads\/fundus7-portfolio-intro-768x512.jpg 768w, https:\/\/www.fundus7-mietmoebel.de\/wp-content\/uploads\/fundus7-portfolio-intro-1536x1024.jpg 1536w, https:\/\/www.fundus7-mietmoebel.de\/wp-content\/uploads\/fundus7-portfolio-intro-600x400.jpg 600w, https:\/\/www.fundus7-mietmoebel.de\/wp-content\/uploads\/fundus7-portfolio-intro-272x182.jpg 272w, https:\/\/www.fundus7-mietmoebel.de\/wp-content\/uploads\/fundus7-portfolio-intro-360x240.jpg 360w\" sizes=\"(max-width: 1920px) 100vw, 1920px\" title=\"Bitte setzen \u2013 unsere Mietm\u00f6bel hauen dich um! &#8211; fundus7 Mietm\u00f6bel\" alt=\"Bitte setzen \u2013 unsere Mietm\u00f6bel hauen dich um! - fundus7 Mietm\u00f6bel\" \t\tclass=\"so-widget-image\"\/>\n\t<\/div>\n\n<\/div><\/div><\/div><div id=\"pgc-3506-0-1\"  class=\"panel-grid-cell panel-grid-cell-empty\" ><\/div><\/div><\/div><div id=\"pg-3506-1\"  class=\"panel-grid panel-has-style\" ><div class=\"row-textbox rtb-left rtb-portfolio1 siteorigin-panels-stretch panel-row-style panel-row-style-for-3506-1\" data-stretch-type=\"full-width-stretch\" ><div id=\"pgc-3506-1-0\"  class=\"panel-grid-cell panel-grid-cell-mobile-last\" ><div class=\"col-textbox pt-100 pt-80-l pt-60-m pt-50-s pb-100 pb-80-l pb-60-m pb-50-s panel-cell-style panel-cell-style-for-3506-1-0\" ><div id=\"panel-3506-1-0-0\" class=\"so-panel widget widget_sow-editor panel-first-child\" data-index=\"1\" ><div class=\"mb-50 mb-40-l mb-30-m mb-20-s panel-widget-style panel-widget-style-for-3506-1-0-0\" ><div\n\t\t\t\n\t\t\tclass=\"so-widget-sow-editor so-widget-sow-editor-base\"\n\t\t\t\n\t\t>\n<div class=\"siteorigin-widget-tinymce textwidget\">\n\t<h2 class=\"mb-0\">Always on point:<br \/>\nour rental furniture.<\/h2>\n<\/div>\n<\/div><\/div><\/div><div id=\"panel-3506-1-0-1\" class=\"so-panel widget widget_sow-editor\" data-index=\"2\" ><div\n\t\t\t\n\t\t\tclass=\"so-widget-sow-editor so-widget-sow-editor-base\"\n\t\t\t\n\t\t>\n<div class=\"siteorigin-widget-tinymce textwidget\">\n\t<p>Iconic design classics, functional solutions, bold trend setters: fundus7 offers a broad selection of high-quality rental furniture to match any design concept. We only source originals and don\u2019t waste your time with knock-offs. Our long-standing expertise, creative ideas, and clever logistics paired with first-class service ensure perfect solutions for our customers every time.<\/p>\n<\/div>\n<\/div><\/div><div id=\"panel-3506-1-0-2\" class=\"so-panel widget widget_sow-button panel-last-child\" data-index=\"3\" ><div class=\"mt-40 mt-30-m mt-20-s panel-widget-style panel-widget-style-for-3506-1-0-2\" ><div\n\t\t\t\n\t\t\tclass=\"so-widget-sow-button so-widget-sow-button-flat-144c983c4712-3506\"\n\t\t\t\n\t\t><div class=\"ow-button-base ow-button-align-left\"\n>\n\t\t\t<a\n\t\t\t\t\thref=\"\/en\/contact\/\"\n\t\t\t\t\tclass=\"theme-button sowb-button ow-icon-placement-left ow-button-hover\" \t>\n\t\t<span>\n\t\t\t\n\t\t\tGet in touch!\t\t<\/span>\n\t\t\t<\/a>\n\t<\/div>\n<\/div><\/div><\/div><\/div><\/div><div id=\"pgc-3506-1-1\"  class=\"panel-grid-cell panel-grid-cell-empty\" ><\/div><\/div><\/div><div id=\"pg-3506-2\"  class=\"panel-grid panel-has-style\" ><div class=\"row-textbox rtb-right rtb-portfolio2 siteorigin-panels-stretch panel-row-style panel-row-style-for-3506-2\" data-stretch-type=\"full-width-stretch\" ><div id=\"pgc-3506-2-0\"  class=\"panel-grid-cell\" ><div id=\"panel-3506-2-0-0\" class=\"so-panel widget widget_sow-image panel-first-child panel-last-child\" data-index=\"4\" ><div\n\t\t\t\n\t\t\tclass=\"so-widget-sow-image so-widget-sow-image-default-c67d20f9f743-3506\"\n\t\t\t\n\t\t>\n<div class=\"sow-image-container\">\n\t\t<img \n\tsrc=\"https:\/\/www.fundus7-mietmoebel.de\/wp-content\/uploads\/fundus7-portfolio-lieferung.jpg\" width=\"1920\" height=\"1279\" srcset=\"https:\/\/www.fundus7-mietmoebel.de\/wp-content\/uploads\/fundus7-portfolio-lieferung.jpg 1920w, https:\/\/www.fundus7-mietmoebel.de\/wp-content\/uploads\/fundus7-portfolio-lieferung-300x200.jpg 300w, https:\/\/www.fundus7-mietmoebel.de\/wp-content\/uploads\/fundus7-portfolio-lieferung-1024x682.jpg 1024w, https:\/\/www.fundus7-mietmoebel.de\/wp-content\/uploads\/fundus7-portfolio-lieferung-150x100.jpg 150w, https:\/\/www.fundus7-mietmoebel.de\/wp-content\/uploads\/fundus7-portfolio-lieferung-768x512.jpg 768w, https:\/\/www.fundus7-mietmoebel.de\/wp-content\/uploads\/fundus7-portfolio-lieferung-1536x1023.jpg 1536w, https:\/\/www.fundus7-mietmoebel.de\/wp-content\/uploads\/fundus7-portfolio-lieferung-600x400.jpg 600w, https:\/\/www.fundus7-mietmoebel.de\/wp-content\/uploads\/fundus7-portfolio-lieferung-272x182.jpg 272w, https:\/\/www.fundus7-mietmoebel.de\/wp-content\/uploads\/fundus7-portfolio-lieferung-360x240.jpg 360w\" sizes=\"(max-width: 1920px) 100vw, 1920px\" title=\"Flexible Logistik mit eigenem Fuhrpark &#8211; fundus7\" alt=\"Flexible Logistik mit eigenem Fuhrpark - fundus7\" \t\tclass=\"so-widget-image\"\/>\n\t<\/div>\n\n<\/div><\/div><\/div><div id=\"pgc-3506-2-1\"  class=\"panel-grid-cell\" ><div class=\"col-textbox pt-100 pt-80-l pt-60-m pt-50-s pb-100 pb-80-l pb-60-m pb-50-s panel-cell-style panel-cell-style-for-3506-2-1\" ><div id=\"panel-3506-2-1-0\" class=\"so-panel widget widget_sow-editor panel-first-child\" data-index=\"5\" ><div class=\"mb-50 mb-40-l mb-30-m mb-20-s panel-widget-style panel-widget-style-for-3506-2-1-0\" ><div\n\t\t\t\n\t\t\tclass=\"so-widget-sow-editor so-widget-sow-editor-base\"\n\t\t\t\n\t\t>\n<div class=\"siteorigin-widget-tinymce textwidget\">\n\t<h2 class=\"mb-0\">We deliver ...<br \/>\nso you can deliver.<\/h2>\n<\/div>\n<\/div><\/div><\/div><div id=\"panel-3506-2-1-1\" class=\"so-panel widget widget_sow-editor\" data-index=\"6\" ><div\n\t\t\t\n\t\t\tclass=\"so-widget-sow-editor so-widget-sow-editor-base\"\n\t\t\t\n\t\t>\n<div class=\"siteorigin-widget-tinymce textwidget\">\n\t<p>We serve all major fairs in Germany and selected European locations \u2013 with free delivery within Germany. Thanks to our own fleet of vehicles, extensive storage facility and capable workshop, your furniture is always on point. You can also count on us on location: We always have your back.<\/p>\n<\/div>\n<\/div><\/div><div id=\"panel-3506-2-1-2\" class=\"so-panel widget widget_sow-button panel-last-child\" data-index=\"7\" ><div class=\"mt-40 mt-30-m mt-20-s panel-widget-style panel-widget-style-for-3506-2-1-2\" ><div\n\t\t\t\n\t\t\tclass=\"so-widget-sow-button so-widget-sow-button-flat-144c983c4712-3506\"\n\t\t\t\n\t\t><div class=\"ow-button-base ow-button-align-left\"\n>\n\t\t\t<a\n\t\t\t\t\thref=\"\/en\/fair-calendar\/\"\n\t\t\t\t\tclass=\"theme-button sowb-button ow-icon-placement-left ow-button-hover\" \t>\n\t\t<span>\n\t\t\t\n\t\t\tHave a look!\t\t<\/span>\n\t\t\t<\/a>\n\t<\/div>\n<\/div><\/div><\/div><\/div><\/div><\/div><\/div><div id=\"pg-3506-3\"  class=\"panel-grid panel-has-style\" ><div class=\"row-textbox rtb-left siteorigin-panels-stretch panel-row-style panel-row-style-for-3506-3\" data-stretch-type=\"full-width-stretch\" ><div id=\"pgc-3506-3-0\"  class=\"panel-grid-cell panel-grid-cell-mobile-last\" ><div id=\"panel-3506-3-0-0\" class=\"so-panel widget widget_sow-image panel-first-child panel-last-child\" data-index=\"8\" ><div\n\t\t\t\n\t\t\tclass=\"so-widget-sow-image so-widget-sow-image-default-c67d20f9f743-3506\"\n\t\t\t\n\t\t>\n<div class=\"sow-image-container\">\n\t\t<img \n\tsrc=\"https:\/\/www.fundus7-mietmoebel.de\/wp-content\/uploads\/fundus7-portfolio-anlass.jpg\" width=\"1920\" height=\"1280\" srcset=\"https:\/\/www.fundus7-mietmoebel.de\/wp-content\/uploads\/fundus7-portfolio-anlass.jpg 1920w, https:\/\/www.fundus7-mietmoebel.de\/wp-content\/uploads\/fundus7-portfolio-anlass-300x200.jpg 300w, https:\/\/www.fundus7-mietmoebel.de\/wp-content\/uploads\/fundus7-portfolio-anlass-1024x683.jpg 1024w, https:\/\/www.fundus7-mietmoebel.de\/wp-content\/uploads\/fundus7-portfolio-anlass-150x100.jpg 150w, https:\/\/www.fundus7-mietmoebel.de\/wp-content\/uploads\/fundus7-portfolio-anlass-768x512.jpg 768w, https:\/\/www.fundus7-mietmoebel.de\/wp-content\/uploads\/fundus7-portfolio-anlass-1536x1024.jpg 1536w, https:\/\/www.fundus7-mietmoebel.de\/wp-content\/uploads\/fundus7-portfolio-anlass-600x400.jpg 600w, https:\/\/www.fundus7-mietmoebel.de\/wp-content\/uploads\/fundus7-portfolio-anlass-272x182.jpg 272w, https:\/\/www.fundus7-mietmoebel.de\/wp-content\/uploads\/fundus7-portfolio-anlass-360x240.jpg 360w\" sizes=\"(max-width: 1920px) 100vw, 1920px\" title=\"F\u00fcr jede Gelegenheit \u2013 unser makelloses Portfolio &#8211; fundus7 Mietm\u00f6bel\" alt=\"F\u00fcr jede Gelegenheit \u2013 unser makelloses Portfolio - fundus7 Mietm\u00f6bel\" \t\tclass=\"so-widget-image\"\/>\n\t<\/div>\n\n<\/div><\/div><\/div><div id=\"pgc-3506-3-1\"  class=\"panel-grid-cell panel-grid-cell-empty\" ><\/div><\/div><\/div><div id=\"pg-3506-4\"  class=\"panel-grid panel-has-style\" ><div class=\"row-textbox rtb-left rtb-portfolio3 siteorigin-panels-stretch panel-row-style panel-row-style-for-3506-4\" data-stretch-type=\"full-width-stretch\" ><div id=\"pgc-3506-4-0\"  class=\"panel-grid-cell panel-grid-cell-mobile-last\" ><div class=\"col-textbox pt-100 pt-80-l pt-60-m pt-50-s pb-100 pb-80-l pb-60-m pb-50-s panel-cell-style panel-cell-style-for-3506-4-0\" ><div id=\"panel-3506-4-0-0\" class=\"so-panel widget widget_sow-editor panel-first-child\" data-index=\"9\" ><div class=\"h2-size mb-50 mb-40-l mb-30-m mb-20-s panel-widget-style panel-widget-style-for-3506-4-0-0\" ><div\n\t\t\t\n\t\t\tclass=\"so-widget-sow-editor so-widget-sow-editor-base\"\n\t\t\t\n\t\t>\n<div class=\"siteorigin-widget-tinymce textwidget\">\n\t<h1 class=\"mb-0\">For any occasion \u2013<br \/>\nour portfolio.<\/h1>\n<\/div>\n<\/div><\/div><\/div><div id=\"panel-3506-4-0-1\" class=\"so-panel widget widget_sow-editor\" data-index=\"10\" ><div\n\t\t\t\n\t\t\tclass=\"so-widget-sow-editor so-widget-sow-editor-base\"\n\t\t\t\n\t\t>\n<div class=\"siteorigin-widget-tinymce textwidget\">\n\t<p>Trade shows, conventions, or open-air festivals: We provide the right furniture to take your events to the next level. Our collection is constantly updated according to your wishes and inspiration we gather at Europe\u2019s major furniture exhibitions. Whether you\u2019re looking for contemporary fair furniture, flexible row seating for large events, or the latest trend in lounge furniture for a relaxed networking area: We have the perfect setup for any occasion and every setting.<\/p>\n<\/div>\n<\/div><\/div><div id=\"panel-3506-4-0-2\" class=\"so-panel widget widget_sow-button panel-last-child\" data-index=\"11\" ><div class=\"mt-40 mt-30-m mt-20-s panel-widget-style panel-widget-style-for-3506-4-0-2\" ><div\n\t\t\t\n\t\t\tclass=\"so-widget-sow-button so-widget-sow-button-flat-144c983c4712-3506\"\n\t\t\t\n\t\t><div class=\"ow-button-base ow-button-align-left\"\n>\n\t\t\t<a\n\t\t\t\t\thref=\"\/en\/shop\/\"\n\t\t\t\t\tclass=\"theme-button sowb-button ow-icon-placement-left ow-button-hover\" \t>\n\t\t<span>\n\t\t\t\n\t\t\tOrder now!\t\t<\/span>\n\t\t\t<\/a>\n\t<\/div>\n<\/div><\/div><\/div><\/div><\/div><div id=\"pgc-3506-4-1\"  class=\"panel-grid-cell panel-grid-cell-empty\" ><\/div><\/div><\/div><div id=\"pg-3506-5\"  class=\"panel-grid panel-has-style\" ><div class=\"row-textbox rtb-right rtb-portfolio4 rtbp4-en siteorigin-panels-stretch panel-row-style panel-row-style-for-3506-5\" data-stretch-type=\"full-width-stretch\" ><div id=\"pgc-3506-5-0\"  class=\"panel-grid-cell\" ><div id=\"panel-3506-5-0-0\" class=\"so-panel widget widget_sow-image panel-first-child panel-last-child\" data-index=\"12\" ><div\n\t\t\t\n\t\t\tclass=\"so-widget-sow-image so-widget-sow-image-default-c67d20f9f743-3506\"\n\t\t\t\n\t\t>\n<div class=\"sow-image-container\">\n\t\t<img \n\tsrc=\"https:\/\/www.fundus7-mietmoebel.de\/wp-content\/uploads\/fundus-7-portfolio-fairmoos.jpg\" width=\"2048\" height=\"1365\" srcset=\"https:\/\/www.fundus7-mietmoebel.de\/wp-content\/uploads\/fundus-7-portfolio-fairmoos.jpg 2048w, https:\/\/www.fundus7-mietmoebel.de\/wp-content\/uploads\/fundus-7-portfolio-fairmoos-300x200.jpg 300w, https:\/\/www.fundus7-mietmoebel.de\/wp-content\/uploads\/fundus-7-portfolio-fairmoos-1024x683.jpg 1024w, https:\/\/www.fundus7-mietmoebel.de\/wp-content\/uploads\/fundus-7-portfolio-fairmoos-150x100.jpg 150w, https:\/\/www.fundus7-mietmoebel.de\/wp-content\/uploads\/fundus-7-portfolio-fairmoos-768x512.jpg 768w, https:\/\/www.fundus7-mietmoebel.de\/wp-content\/uploads\/fundus-7-portfolio-fairmoos-1536x1024.jpg 1536w, https:\/\/www.fundus7-mietmoebel.de\/wp-content\/uploads\/fundus-7-portfolio-fairmoos-600x400.jpg 600w\" sizes=\"(max-width: 2048px) 100vw, 2048px\" alt=\"fairmoos \u2013 f\u00fcr Ihre gr\u00fcne Objektgestaltung - fundus7 Mietm\u00f6bel\" \t\tclass=\"so-widget-image\"\/>\n\t<\/div>\n\n<\/div><\/div><\/div><div id=\"pgc-3506-5-1\"  class=\"panel-grid-cell\" ><div class=\"col-textbox pt-100 pt-80-l pt-60-m pt-50-s pb-100 pb-80-l pb-60-m pb-50-s panel-cell-style panel-cell-style-for-3506-5-1\" ><div id=\"panel-3506-5-1-0\" class=\"so-panel widget widget_sow-editor panel-first-child\" data-index=\"13\" ><div class=\"f-white mb-50 mb-40-l mb-30-m mb-20-s panel-widget-style panel-widget-style-for-3506-5-1-0\" ><div\n\t\t\t\n\t\t\tclass=\"so-widget-sow-editor so-widget-sow-editor-base\"\n\t\t\t\n\t\t>\n<div class=\"siteorigin-widget-tinymce textwidget\">\n\t<h2 class=\"mb-0\"><strong>fairmoos<sup>&reg;<\/sup><\/strong> \u2013<br \/>\ngreen design for your space.<\/h2>\n<\/div>\n<\/div><\/div><\/div><div id=\"panel-3506-5-1-1\" class=\"so-panel widget widget_sow-editor\" data-index=\"14\" ><div class=\"f-white panel-widget-style panel-widget-style-for-3506-5-1-1\" ><div\n\t\t\t\n\t\t\tclass=\"so-widget-sow-editor so-widget-sow-editor-base\"\n\t\t\t\n\t\t>\n<div class=\"siteorigin-widget-tinymce textwidget\">\n\t<p>Bring a touch of nature into your spaces with fairmoos<sup>&reg;<\/sup>. These unique design objects are a stylish and harmonious solution for a wide range of purposes. The moss elements are created using sustainably harvested lichen that is dyed and preserved. This makes it an extremely eco-friendly material that looks beautiful in a broad variety of applications for all your event architecture and interior design needs. <\/p>\n<\/div>\n<\/div><\/div><\/div><div id=\"panel-3506-5-1-2\" class=\"so-panel widget widget_sow-button panel-last-child\" data-index=\"15\" ><div class=\"mt-40 mt-30-m mt-20-s panel-widget-style panel-widget-style-for-3506-5-1-2\" ><div\n\t\t\t\n\t\t\tclass=\"so-widget-sow-button so-widget-sow-button-flat-144c983c4712-3506\"\n\t\t\t\n\t\t><div class=\"ow-button-base ow-button-align-left\"\n>\n\t\t\t<a\n\t\t\t\t\thref=\"\/wp-content\/uploads\/fundus7-fairmoos-en.pdf\"\n\t\t\t\t\tclass=\"theme-button tb-white tbw-f-green sowb-button ow-icon-placement-left ow-button-hover\" target=\"_blank\" rel=\"noopener noreferrer\" \t>\n\t\t<span>\n\t\t\t\n\t\t\tHave a look!\t\t<\/span>\n\t\t\t<\/a>\n\t<\/div>\n<\/div><\/div><\/div><\/div><\/div><\/div><\/div><\/div>","protected":false},"excerpt":{"rendered":"<p>Always on point: our rental furniture. Iconic design classics, functional solutions, bold trend setters: fundus7 offers a broad selection of high-quality rental furniture to match any design concept. We only source originals and don\u2019t waste your time with knock-offs. Our long-standing expertise, creative ideas, and clever logistics paired with first-class service ensure perfect solutions for &#8230; <a title=\"Portfolio\" class=\"read-more\" href=\"https:\/\/www.fundus7-mietmoebel.de\/en\/portfolio\/\" aria-label=\"Read more about Portfolio\">Read more<\/a><\/p>\n","protected":false},"author":1,"featured_media":0,"parent":0,"menu_order":10,"comment_status":"closed","ping_status":"closed","template":"","meta":{"slim_seo":{"title":"Portfolio - fundus7","description":"Always on point: our rental furniture. Iconic design classics, functional solutions, bold trend setters: fundus7 offers a broad selection of high-quality rental"},"footnotes":""},"class_list":["post-3506","page","type-page","status-publish"],"_links":{"self":[{"href":"https:\/\/www.fundus7-mietmoebel.de\/en\/wp-json\/wp\/v2\/pages\/3506","targetHints":{"allow":["GET"]}}],"collection":[{"href":"https:\/\/www.fundus7-mietmoebel.de\/en\/wp-json\/wp\/v2\/pages"}],"about":[{"href":"https:\/\/www.fundus7-mietmoebel.de\/en\/wp-json\/wp\/v2\/types\/page"}],"author":[{"embeddable":true,"href":"https:\/\/www.fundus7-mietmoebel.de\/en\/wp-json\/wp\/v2\/users\/1"}],"replies":[{"embeddable":true,"href":"https:\/\/www.fundus7-mietmoebel.de\/en\/wp-json\/wp\/v2\/comments?post=3506"}],"version-history":[{"count":30,"href":"https:\/\/www.fundus7-mietmoebel.de\/en\/wp-json\/wp\/v2\/pages\/3506\/revisions"}],"predecessor-version":[{"id":25787,"href":"https:\/\/www.fundus7-mietmoebel.de\/en\/wp-json\/wp\/v2\/pages\/3506\/revisions\/25787"}],"wp:attachment":[{"href":"https:\/\/www.fundus7-mietmoebel.de\/en\/wp-json\/wp\/v2\/media?parent=3506"}],"curies":[{"name":"wp","href":"https:\/\/api.w.org\/{rel}","templated":true}]}}